

{"id":9,"date":"2016-05-28T16:08:51","date_gmt":"2016-05-28T16:08:51","guid":{"rendered":"http:\/\/salonnera.hr\/?page_id=9"},"modified":"2026-01-17T21:25:35","modified_gmt":"2026-01-17T21:25:35","slug":"salon-za-sisanje-pasa-nera","status":"publish","type":"page","link":"http:\/\/salonnera.hr\/","title":{"rendered":"SALON ZA \u0160I\u0160ANJE PASA NERA"},"content":{"rendered":"\n<!--more-->\n\n\n\n<div class=\"wp-block-buttons is-horizontal is-content-justification-center is-layout-flex wp-container-1\">\n<div class=\"wp-block-button has-custom-width wp-block-button__width-50 has-custom-font-size has-medium-font-size\"><a class=\"wp-block-button__link has-background has-text-align-center wp-element-button\" style=\"border-radius:98px;background:linear-gradient(135deg,rgb(255,105,0) 0%,rgb(207,46,46) 58%)\">098 820 651<\/a><\/div>\n<\/div>\n\n\n\n<p> <\/p>\n\n\n\n<p> LINK NA NOVU WEB STRANICU :<\/p>\n\n\n\n<div class=\"wp-block-buttons is-layout-flex\">\n<div class=\"wp-block-button\"><a class=\"wp-block-button__link wp-element-button\" href=\"https:\/\/zeljkaspoljar95.wixsite.com\/salon-nera\">https:\/\/zeljkaspoljar95.wixsite.com\/salon-nera<\/a><\/div>\n<\/div>\n\n\n\n<p><\/p>\n\n\n\n<p><\/p>\n\n\n<div class=\"wp-block-image\">\n<figure class=\"aligncenter\"><a href=\"http:\/\/salonnera.hr\/wp-content\/uploads\/2017\/10\/IMG_1206-e1511478594839.jpg\"><img decoding=\"async\" loading=\"lazy\" width=\"480\" height=\"640\" src=\"http:\/\/salonnera.hr\/wp-content\/uploads\/2017\/10\/IMG_1206-e1511478594839.jpg\" alt=\"\" class=\"wp-image-517\" srcset=\"http:\/\/salonnera.hr\/wp-content\/uploads\/2017\/10\/IMG_1206-e1511478594839.jpg 480w, http:\/\/salonnera.hr\/wp-content\/uploads\/2017\/10\/IMG_1206-e1511478594839-225x300.jpg 225w\" sizes=\"(max-width: 480px) 100vw, 480px\" \/><\/a><\/figure><\/div>\n\n\n<figure class=\"wp-block-video\"><video controls src=\"https:\/\/salonnera.hr\/wp-content\/uploads\/2025\/09\/VID-20250914-WA0003.mp4\"><\/video><\/figure>\n\n\n\n<p><span style=\"color: #ff0000;\"><br><\/span>Nedavno smo imali priliku pro\u0161etati i podru\u017eiti se na Ma\u017eurancu za Dan \u0160apica \ud83d\ude42<\/p>\n\n\n\n<div class=\"wp-block-buttons has-custom-font-size has-medium-font-size is-content-justification-center is-layout-flex wp-container-3\">\n<div class=\"wp-block-button\"><a class=\"wp-block-button__link has-background wp-element-button\" style=\"background-color:#b72c2c\">\u0161i\u0161anja<\/a><\/div>\n\n\n\n<div class=\"wp-block-button\"><a class=\"wp-block-button__link has-white-color has-text-color has-background wp-element-button\" style=\"background-color:#5a4630\">kupanja<\/a><\/div>\n\n\n\n<div class=\"wp-block-button\"><a class=\"wp-block-button__link has-white-color has-text-color has-background wp-element-button\" style=\"background-color:#927676\">trimanja<\/a><\/div>\n\n\n\n<div class=\"wp-block-button\"><a class=\"wp-block-button__link has-luminous-vivid-amber-to-luminous-vivid-orange-gradient-background has-background wp-element-button\">skra\u0107ivanja noktiju<\/a><\/div>\n\n\n\n<div class=\"wp-block-button\"><a class=\"wp-block-button__link has-background wp-element-button\" style=\"background-color:#320606\">\u010di\u0161\u0107enja u\u0161iju <\/a><\/div>\n\n\n\n<div class=\"wp-block-button\"><a class=\"wp-block-button__link has-background wp-element-button\" style=\"background-color:#3e0752\">pra\u017enjenje analnih \u017elijezda&nbsp;<\/a><\/div>\n<\/div>\n\n\n<div class=\"wp-block-image\">\n<figure class=\"aligncenter\"><img decoding=\"async\" src=\"http:\/\/salonnera.hr\/wp-content\/uploads\/2017\/09\/cropped-nera1-1.png\" alt=\"\"\/><\/figure><\/div>\n\n\n<p><iframe loading=\"lazy\" style=\"border: 0px currentColor;\" src=\"https:\/\/www.google.com\/maps\/embed?pb=!1m18!1m12!1m3!1d2780.113928440234!2d16.074501625000682!3d45.82900130681872!2m3!1f0!2f0!3f0!3m2!1i1024!2i768!4f13.1!3m3!1m2!1s0x4766783d68138ea9%3A0xdad74b0ebbfb227e!2sUl.+Poljanice+V+26%2C+10000%2C+Zagreb!5e0!3m2!1shr!2shr!4v1464474275386\" width=\"400\" height=\"300\" frameborder=\"0\"><\/iframe><\/p>\n\n\n\n<div class=\"wp-block-group is-layout-flow\"><div class=\"wp-block-group__inner-container\">\n<figure class=\"wp-block-image size-large is-resized\"><a href=\"https:\/\/salonnera.hr\/wp-content\/uploads\/2021\/10\/2.png\"><img decoding=\"async\" loading=\"lazy\" src=\"https:\/\/salonnera.hr\/wp-content\/uploads\/2021\/10\/2-1024x576.png\" alt=\"\" class=\"wp-image-615\" width=\"459\" height=\"258\" srcset=\"http:\/\/salonnera.hr\/wp-content\/uploads\/2021\/10\/2-1024x576.png 1024w, http:\/\/salonnera.hr\/wp-content\/uploads\/2021\/10\/2-300x169.png 300w, http:\/\/salonnera.hr\/wp-content\/uploads\/2021\/10\/2-768x432.png 768w, http:\/\/salonnera.hr\/wp-content\/uploads\/2021\/10\/2-500x281.png 500w, http:\/\/salonnera.hr\/wp-content\/uploads\/2021\/10\/2.png 1152w\" sizes=\"(max-width: 459px) 100vw, 459px\" \/><\/a><\/figure>\n<\/div><\/div>\n\n\n\n<div class=\"wp-block-columns is-layout-flex wp-container-7\">\n<div class=\"wp-block-column is-layout-flow\" style=\"flex-basis:100%\">\n<div class=\"wp-block-group is-layout-flow\"><div class=\"wp-block-group__inner-container\"><div class=\"wp-block-image\">\n<figure class=\"alignright size-large is-resized\"><a href=\"https:\/\/salonnera.hr\/wp-content\/uploads\/2021\/10\/3.png\"><img decoding=\"async\" loading=\"lazy\" src=\"https:\/\/salonnera.hr\/wp-content\/uploads\/2021\/10\/3-1024x576.png\" alt=\"\" class=\"wp-image-616\" width=\"680\" height=\"382\" srcset=\"http:\/\/salonnera.hr\/wp-content\/uploads\/2021\/10\/3-1024x576.png 1024w, http:\/\/salonnera.hr\/wp-content\/uploads\/2021\/10\/3-300x169.png 300w, http:\/\/salonnera.hr\/wp-content\/uploads\/2021\/10\/3-768x432.png 768w, http:\/\/salonnera.hr\/wp-content\/uploads\/2021\/10\/3-500x281.png 500w, http:\/\/salonnera.hr\/wp-content\/uploads\/2021\/10\/3.png 1152w\" sizes=\"(max-width: 680px) 100vw, 680px\" \/><\/a><\/figure><\/div><\/div><\/div>\n<\/div>\n<\/div>\n\n\n\n<figure class=\"wp-block-image size-full is-resized\"><a href=\"http:\/\/salonnera.hr\/wp-content\/uploads\/2021\/10\/HAMAG-Bicro-logo-RGB-mali.jpg\"><img decoding=\"async\" loading=\"lazy\" src=\"http:\/\/salonnera.hr\/wp-content\/uploads\/2021\/10\/HAMAG-Bicro-logo-RGB-mali.jpg\" alt=\"\" class=\"wp-image-618\" width=\"350\" height=\"73\" srcset=\"http:\/\/salonnera.hr\/wp-content\/uploads\/2021\/10\/HAMAG-Bicro-logo-RGB-mali.jpg 350w, http:\/\/salonnera.hr\/wp-content\/uploads\/2021\/10\/HAMAG-Bicro-logo-RGB-mali-300x63.jpg 300w\" sizes=\"(max-width: 350px) 100vw, 350px\" \/><\/a><\/figure>\n\n\n\n<div class=\"wp-block-buttons is-layout-flex\">\n\n<\/div>\n","protected":false},"excerpt":{"rendered":"","protected":false},"author":1,"featured_media":0,"parent":0,"menu_order":0,"comment_status":"closed","ping_status":"open","template":"","meta":[],"yoast_head":"<!-- This site is optimized with the Yoast SEO plugin v17.4 - https:\/\/yoast.com\/wordpress\/plugins\/seo\/ -->\n<meta name=\"description\" content=\"\u0160i\u0161anje pasa u salonu Nera po povoljnim cijenama! Zbog va\u0161eg povjerenja sada ve\u0107 5 godina rada! Pa smo sa\u0161ili i jastuke, kaputi\u0107e ...\" \/>\n<meta name=\"robots\" content=\"index, follow, max-snippet:-1, max-image-preview:large, max-video-preview:-1\" \/>\n<link rel=\"canonical\" href=\"http:\/\/salonnera.hr\/\" \/>\n<meta property=\"og:locale\" content=\"hr_HR\" \/>\n<meta property=\"og:type\" content=\"article\" \/>\n<meta property=\"og:title\" content=\"Salon za pse Nera, Dubrava-Zagreb\" \/>\n<meta property=\"og:description\" content=\"\u0160i\u0161anje pasa u salonu Nera po povoljnim cijenama! Zbog va\u0161eg povjerenja sada ve\u0107 5 godina rada! Pa smo sa\u0161ili i jastuke, kaputi\u0107e ...\" \/>\n<meta property=\"og:url\" content=\"http:\/\/salonnera.hr\/\" \/>\n<meta property=\"og:site_name\" content=\"SALON NERA\" \/>\n<meta property=\"article:modified_time\" content=\"2026-01-17T21:25:35+00:00\" \/>\n<meta property=\"og:image\" content=\"http:\/\/salonnera.hr\/wp-content\/uploads\/2017\/10\/IMG_1206-e1511478594839.jpg\" \/>\n<meta name=\"twitter:card\" content=\"summary_large_image\" \/>\n<meta name=\"twitter:label1\" content=\"Procijenjeno vrijeme \u010ditanja\" \/>\n\t<meta name=\"twitter:data1\" content=\"3 minute\" \/>\n<script type=\"application\/ld+json\" class=\"yoast-schema-graph\">{\"@context\":\"https:\/\/schema.org\",\"@graph\":[{\"@type\":\"WebSite\",\"@id\":\"https:\/\/salonnera.hr\/#website\",\"url\":\"https:\/\/salonnera.hr\/\",\"name\":\"SALON NERA\",\"description\":\"Dubrava, V. Poljanice 26, Zagreb\",\"potentialAction\":[{\"@type\":\"SearchAction\",\"target\":{\"@type\":\"EntryPoint\",\"urlTemplate\":\"https:\/\/salonnera.hr\/?s={search_term_string}\"},\"query-input\":\"required name=search_term_string\"}],\"inLanguage\":\"hr\"},{\"@type\":\"ImageObject\",\"@id\":\"http:\/\/salonnera.hr\/#primaryimage\",\"inLanguage\":\"hr\",\"url\":\"http:\/\/salonnera.hr\/wp-content\/uploads\/2017\/10\/IMG_1206-e1511478594839.jpg\",\"contentUrl\":\"http:\/\/salonnera.hr\/wp-content\/uploads\/2017\/10\/IMG_1206-e1511478594839.jpg\",\"width\":480,\"height\":640},{\"@type\":\"WebPage\",\"@id\":\"http:\/\/salonnera.hr\/#webpage\",\"url\":\"http:\/\/salonnera.hr\/\",\"name\":\"Salon za pse Nera, Dubrava-Zagreb\",\"isPartOf\":{\"@id\":\"https:\/\/salonnera.hr\/#website\"},\"primaryImageOfPage\":{\"@id\":\"http:\/\/salonnera.hr\/#primaryimage\"},\"datePublished\":\"2016-05-28T16:08:51+00:00\",\"dateModified\":\"2026-01-17T21:25:35+00:00\",\"description\":\"\\u0160i\\u0161anje pasa u salonu Nera po povoljnim cijenama! Zbog va\\u0161eg povjerenja sada ve\\u0107 5 godina rada! Pa smo sa\\u0161ili i jastuke, kaputi\\u0107e ...\",\"breadcrumb\":{\"@id\":\"http:\/\/salonnera.hr\/#breadcrumb\"},\"inLanguage\":\"hr\",\"potentialAction\":[{\"@type\":\"ReadAction\",\"target\":[\"http:\/\/salonnera.hr\/\"]}]},{\"@type\":\"BreadcrumbList\",\"@id\":\"http:\/\/salonnera.hr\/#breadcrumb\",\"itemListElement\":[{\"@type\":\"ListItem\",\"position\":1,\"name\":\"Po\\u010detna stranica\",\"item\":\"http:\/\/salonnera.hr\/\"},{\"@type\":\"ListItem\",\"position\":2,\"name\":\"SALON ZA \\u0160I\\u0160ANJE PASA NERA\"}]}]}<\/script>\n<!-- \/ Yoast SEO plugin. -->","yoast_head_json":{"description":"\u0160i\u0161anje pasa u salonu Nera po povoljnim cijenama! Zbog va\u0161eg povjerenja sada ve\u0107 5 godina rada! Pa smo sa\u0161ili i jastuke, kaputi\u0107e ...","robots":{"index":"index","follow":"follow","max-snippet":"max-snippet:-1","max-image-preview":"max-image-preview:large","max-video-preview":"max-video-preview:-1"},"canonical":"http:\/\/salonnera.hr\/","og_locale":"hr_HR","og_type":"article","og_title":"Salon za pse Nera, Dubrava-Zagreb","og_description":"\u0160i\u0161anje pasa u salonu Nera po povoljnim cijenama! Zbog va\u0161eg povjerenja sada ve\u0107 5 godina rada! Pa smo sa\u0161ili i jastuke, kaputi\u0107e ...","og_url":"http:\/\/salonnera.hr\/","og_site_name":"SALON NERA","article_modified_time":"2026-01-17T21:25:35+00:00","og_image":[{"url":"http:\/\/salonnera.hr\/wp-content\/uploads\/2017\/10\/IMG_1206-e1511478594839.jpg"}],"twitter_card":"summary_large_image","twitter_misc":{"Procijenjeno vrijeme \u010ditanja":"3 minute"},"schema":{"@context":"https:\/\/schema.org","@graph":[{"@type":"WebSite","@id":"https:\/\/salonnera.hr\/#website","url":"https:\/\/salonnera.hr\/","name":"SALON NERA","description":"Dubrava, V. Poljanice 26, Zagreb","potentialAction":[{"@type":"SearchAction","target":{"@type":"EntryPoint","urlTemplate":"https:\/\/salonnera.hr\/?s={search_term_string}"},"query-input":"required name=search_term_string"}],"inLanguage":"hr"},{"@type":"ImageObject","@id":"http:\/\/salonnera.hr\/#primaryimage","inLanguage":"hr","url":"http:\/\/salonnera.hr\/wp-content\/uploads\/2017\/10\/IMG_1206-e1511478594839.jpg","contentUrl":"http:\/\/salonnera.hr\/wp-content\/uploads\/2017\/10\/IMG_1206-e1511478594839.jpg","width":480,"height":640},{"@type":"WebPage","@id":"http:\/\/salonnera.hr\/#webpage","url":"http:\/\/salonnera.hr\/","name":"Salon za pse Nera, Dubrava-Zagreb","isPartOf":{"@id":"https:\/\/salonnera.hr\/#website"},"primaryImageOfPage":{"@id":"http:\/\/salonnera.hr\/#primaryimage"},"datePublished":"2016-05-28T16:08:51+00:00","dateModified":"2026-01-17T21:25:35+00:00","description":"\u0160i\u0161anje pasa u salonu Nera po povoljnim cijenama! Zbog va\u0161eg povjerenja sada ve\u0107 5 godina rada! Pa smo sa\u0161ili i jastuke, kaputi\u0107e ...","breadcrumb":{"@id":"http:\/\/salonnera.hr\/#breadcrumb"},"inLanguage":"hr","potentialAction":[{"@type":"ReadAction","target":["http:\/\/salonnera.hr\/"]}]},{"@type":"BreadcrumbList","@id":"http:\/\/salonnera.hr\/#breadcrumb","itemListElement":[{"@type":"ListItem","position":1,"name":"Po\u010detna stranica","item":"http:\/\/salonnera.hr\/"},{"@type":"ListItem","position":2,"name":"SALON ZA \u0160I\u0160ANJE PASA NERA"}]}]}},"_links":{"self":[{"href":"http:\/\/salonnera.hr\/index.php?rest_route=\/wp\/v2\/pages\/9"}],"collection":[{"href":"http:\/\/salonnera.hr\/index.php?rest_route=\/wp\/v2\/pages"}],"about":[{"href":"http:\/\/salonnera.hr\/index.php?rest_route=\/wp\/v2\/types\/page"}],"author":[{"embeddable":true,"href":"http:\/\/salonnera.hr\/index.php?rest_route=\/wp\/v2\/users\/1"}],"replies":[{"embeddable":true,"href":"http:\/\/salonnera.hr\/index.php?rest_route=%2Fwp%2Fv2%2Fcomments&post=9"}],"version-history":[{"count":73,"href":"http:\/\/salonnera.hr\/index.php?rest_route=\/wp\/v2\/pages\/9\/revisions"}],"predecessor-version":[{"id":726,"href":"http:\/\/salonnera.hr\/index.php?rest_route=\/wp\/v2\/pages\/9\/revisions\/726"}],"wp:attachment":[{"href":"http:\/\/salonnera.hr\/index.php?rest_route=%2Fwp%2Fv2%2Fmedia&parent=9"}],"curies":[{"name":"wp","href":"https:\/\/api.w.org\/{rel}","templated":true}]}}